{"id":3710,"date":"2024-01-08T21:12:10","date_gmt":"2024-01-08T21:12:10","guid":{"rendered":"https:\/\/tinping.com\/gioi-thieu-cong-ty\/"},"modified":"2024-08-29T04:24:55","modified_gmt":"2024-08-29T04:24:55","slug":"gioi-thieu-cong-ty","status":"publish","type":"page","link":"https:\/\/tinping.com\/vi\/gioi-thieu-cong-ty\/","title":{"rendered":"Gi\u1edbi thi\u1ec7u c\u00f4ng ty"},"content":{"rendered":"<div id=\"cs-content\" class=\"cs-content\"><\/div>\n","protected":false},"excerpt":{"rendered":"<p>C\u00d4NG TY TNHH LINH KI\u1ec6N NG\u0168 KIM TINPING Ch\u00fang t\u00f4i c\u00f3 h\u01a1n 20 n\u0103m kinh nghi\u1ec7m s\u1ea3n xu\u1ea5t l\u00f2 xo v\u00e0 cung c\u1ea5p c\u00e1c lo\u1ea1i l\u00f2 xo nh\u01b0 l\u00f2 xo k\u00e9o, l\u00f2 xo n\u00e9n, l\u00f2 &#8230; <a href=\"https:\/\/tinping.com\/vi\/gioi-thieu-cong-ty\/\" class=\"more-link\">Read More<\/a><\/p>\n","protected":false},"author":3,"featured_media":0,"parent":0,"menu_order":0,"comment_status":"closed","ping_status":"open","template":"template-blank-4.php","meta":{"footnotes":""},"folder":[],"class_list":["post-3710","page","type-page","status-publish","hentry","no-post-thumbnail"],"yoast_head":"<!-- This site is optimized with the Yoast SEO plugin v25.2 - https:\/\/yoast.com\/wordpress\/plugins\/seo\/ -->\n<title>Gi\u1edbi thi\u1ec7u c\u00f4ng ty - C\u00d4NG TY TNHH TH\u01af\u01a0NG M\u1ea0I TINPING VI\u1ec6T NAM<\/title>\n<meta name=\"robots\" content=\"index, follow, max-snippet:-1, max-image-preview:large, max-video-preview:-1\" \/>\n<link rel=\"canonical\" href=\"https:\/\/tinping.com\/vi\/gioi-thieu-cong-ty\/\" \/>\n<meta property=\"og:locale\" content=\"vi_VN\" \/>\n<meta property=\"og:type\" content=\"article\" \/>\n<meta property=\"og:title\" content=\"Gi\u1edbi thi\u1ec7u c\u00f4ng ty - C\u00d4NG TY TNHH TH\u01af\u01a0NG M\u1ea0I TINPING VI\u1ec6T NAM\" \/>\n<meta property=\"og:description\" content=\"C\u00d4NG TY TNHH LINH KI\u1ec6N NG\u0168 KIM TINPING Ch\u00fang t\u00f4i c\u00f3 h\u01a1n 20 n\u0103m kinh nghi\u1ec7m s\u1ea3n xu\u1ea5t l\u00f2 xo v\u00e0 cung c\u1ea5p c\u00e1c lo\u1ea1i l\u00f2 xo nh\u01b0 l\u00f2 xo k\u00e9o, l\u00f2 xo n\u00e9n, l\u00f2 ... Read More\" \/>\n<meta property=\"og:url\" content=\"https:\/\/tinping.com\/vi\/gioi-thieu-cong-ty\/\" \/>\n<meta property=\"og:site_name\" content=\"C\u00d4NG TY TNHH TH\u01af\u01a0NG M\u1ea0I TINPING VI\u1ec6T NAM\" \/>\n<meta property=\"article:modified_time\" content=\"2024-08-29T04:24:55+00:00\" \/>\n<meta name=\"twitter:card\" content=\"summary_large_image\" \/>\n<meta name=\"twitter:label1\" content=\"Est. reading time\" \/>\n\t<meta name=\"twitter:data1\" content=\"13 minutes\" \/>\n<script type=\"application\/ld+json\" class=\"yoast-schema-graph\">{\"@context\":\"https:\/\/schema.org\",\"@graph\":[{\"@type\":\"WebPage\",\"@id\":\"https:\/\/tinping.com\/vi\/gioi-thieu-cong-ty\/\",\"url\":\"https:\/\/tinping.com\/vi\/gioi-thieu-cong-ty\/\",\"name\":\"Gi\u1edbi thi\u1ec7u c\u00f4ng ty - C\u00d4NG TY TNHH TH\u01af\u01a0NG M\u1ea0I TINPING VI\u1ec6T NAM\",\"isPartOf\":{\"@id\":\"https:\/\/tinping.com\/vi\/#website\"},\"datePublished\":\"2024-01-08T21:12:10+00:00\",\"dateModified\":\"2024-08-29T04:24:55+00:00\",\"breadcrumb\":{\"@id\":\"https:\/\/tinping.com\/vi\/gioi-thieu-cong-ty\/#breadcrumb\"},\"inLanguage\":\"vi-VN\",\"potentialAction\":[{\"@type\":\"ReadAction\",\"target\":[\"https:\/\/tinping.com\/vi\/gioi-thieu-cong-ty\/\"]}]},{\"@type\":\"BreadcrumbList\",\"@id\":\"https:\/\/tinping.com\/vi\/gioi-thieu-cong-ty\/#breadcrumb\",\"itemListElement\":[{\"@type\":\"ListItem\",\"position\":1,\"name\":\"Home\",\"item\":\"https:\/\/tinping.com\/vi\/\"},{\"@type\":\"ListItem\",\"position\":2,\"name\":\"Gi\u1edbi thi\u1ec7u c\u00f4ng ty\"}]},{\"@type\":\"WebSite\",\"@id\":\"https:\/\/tinping.com\/vi\/#website\",\"url\":\"https:\/\/tinping.com\/vi\/\",\"name\":\"\u5929\u5e73\u4e94\u91d1\u96f6\u4ef6\u6709\u9650\u516c\u53f8 | \u5929\u5e73\u5f48\u7c27\u4e94\u91d1\u88fd\u54c1\u6709\u9650\u516c\u53f8 | Tin Ping Metal Parts Limited\",\"description\":\"Tin Ping Metal Parts Limited | \u5929\u5e73\u5f48\u7c27\u4e94\u91d1\u88fd\u54c1\u6709\u9650\u516c\u53f8\",\"alternateName\":\"Tin Ping Metal Parts\",\"potentialAction\":[{\"@type\":\"SearchAction\",\"target\":{\"@type\":\"EntryPoint\",\"urlTemplate\":\"https:\/\/tinping.com\/vi\/?s={search_term_string}\"},\"query-input\":{\"@type\":\"PropertyValueSpecification\",\"valueRequired\":true,\"valueName\":\"search_term_string\"}}],\"inLanguage\":\"vi-VN\"}]}<\/script>\n<!-- \/ Yoast SEO plugin. -->","yoast_head_json":{"title":"Gi\u1edbi thi\u1ec7u c\u00f4ng ty - C\u00d4NG TY TNHH TH\u01af\u01a0NG M\u1ea0I TINPING VI\u1ec6T NAM","robots":{"index":"index","follow":"follow","max-snippet":"max-snippet:-1","max-image-preview":"max-image-preview:large","max-video-preview":"max-video-preview:-1"},"canonical":"https:\/\/tinping.com\/vi\/gioi-thieu-cong-ty\/","og_locale":"vi_VN","og_type":"article","og_title":"Gi\u1edbi thi\u1ec7u c\u00f4ng ty - C\u00d4NG TY TNHH TH\u01af\u01a0NG M\u1ea0I TINPING VI\u1ec6T NAM","og_description":"C\u00d4NG TY TNHH LINH KI\u1ec6N NG\u0168 KIM TINPING Ch\u00fang t\u00f4i c\u00f3 h\u01a1n 20 n\u0103m kinh nghi\u1ec7m s\u1ea3n xu\u1ea5t l\u00f2 xo v\u00e0 cung c\u1ea5p c\u00e1c lo\u1ea1i l\u00f2 xo nh\u01b0 l\u00f2 xo k\u00e9o, l\u00f2 xo n\u00e9n, l\u00f2 ... Read More","og_url":"https:\/\/tinping.com\/vi\/gioi-thieu-cong-ty\/","og_site_name":"C\u00d4NG TY TNHH TH\u01af\u01a0NG M\u1ea0I TINPING VI\u1ec6T NAM","article_modified_time":"2024-08-29T04:24:55+00:00","twitter_card":"summary_large_image","twitter_misc":{"Est. reading time":"13 minutes"},"schema":{"@context":"https:\/\/schema.org","@graph":[{"@type":"WebPage","@id":"https:\/\/tinping.com\/vi\/gioi-thieu-cong-ty\/","url":"https:\/\/tinping.com\/vi\/gioi-thieu-cong-ty\/","name":"Gi\u1edbi thi\u1ec7u c\u00f4ng ty - C\u00d4NG TY TNHH TH\u01af\u01a0NG M\u1ea0I TINPING VI\u1ec6T NAM","isPartOf":{"@id":"https:\/\/tinping.com\/vi\/#website"},"datePublished":"2024-01-08T21:12:10+00:00","dateModified":"2024-08-29T04:24:55+00:00","breadcrumb":{"@id":"https:\/\/tinping.com\/vi\/gioi-thieu-cong-ty\/#breadcrumb"},"inLanguage":"vi-VN","potentialAction":[{"@type":"ReadAction","target":["https:\/\/tinping.com\/vi\/gioi-thieu-cong-ty\/"]}]},{"@type":"BreadcrumbList","@id":"https:\/\/tinping.com\/vi\/gioi-thieu-cong-ty\/#breadcrumb","itemListElement":[{"@type":"ListItem","position":1,"name":"Home","item":"https:\/\/tinping.com\/vi\/"},{"@type":"ListItem","position":2,"name":"Gi\u1edbi thi\u1ec7u c\u00f4ng ty"}]},{"@type":"WebSite","@id":"https:\/\/tinping.com\/vi\/#website","url":"https:\/\/tinping.com\/vi\/","name":"\u5929\u5e73\u4e94\u91d1\u96f6\u4ef6\u6709\u9650\u516c\u53f8 | \u5929\u5e73\u5f48\u7c27\u4e94\u91d1\u88fd\u54c1\u6709\u9650\u516c\u53f8 | Tin Ping Metal Parts Limited","description":"Tin Ping Metal Parts Limited | \u5929\u5e73\u5f48\u7c27\u4e94\u91d1\u88fd\u54c1\u6709\u9650\u516c\u53f8","alternateName":"Tin Ping Metal Parts","potentialAction":[{"@type":"SearchAction","target":{"@type":"EntryPoint","urlTemplate":"https:\/\/tinping.com\/vi\/?s={search_term_string}"},"query-input":{"@type":"PropertyValueSpecification","valueRequired":true,"valueName":"search_term_string"}}],"inLanguage":"vi-VN"}]}},"_links":{"self":[{"href":"https:\/\/tinping.com\/vi\/wp-json\/wp\/v2\/pages\/3710"}],"collection":[{"href":"https:\/\/tinping.com\/vi\/wp-json\/wp\/v2\/pages"}],"about":[{"href":"https:\/\/tinping.com\/vi\/wp-json\/wp\/v2\/types\/page"}],"author":[{"embeddable":true,"href":"https:\/\/tinping.com\/vi\/wp-json\/wp\/v2\/users\/3"}],"replies":[{"embeddable":true,"href":"https:\/\/tinping.com\/vi\/wp-json\/wp\/v2\/comments?post=3710"}],"version-history":[{"count":12,"href":"https:\/\/tinping.com\/vi\/wp-json\/wp\/v2\/pages\/3710\/revisions"}],"predecessor-version":[{"id":3963,"href":"https:\/\/tinping.com\/vi\/wp-json\/wp\/v2\/pages\/3710\/revisions\/3963"}],"wp:attachment":[{"href":"https:\/\/tinping.com\/vi\/wp-json\/wp\/v2\/media?parent=3710"}],"wp:term":[{"taxonomy":"folder","embeddable":true,"href":"https:\/\/tinping.com\/vi\/wp-json\/wp\/v2\/folder?post=3710"}],"curies":[{"name":"wp","href":"https:\/\/api.w.org\/{rel}","templated":true}]}}