{"id":3741,"date":"2024-01-09T03:11:05","date_gmt":"2024-01-09T03:11:05","guid":{"rendered":"https:\/\/tinping.com\/?page_id=3741"},"modified":"2024-08-29T04:23:55","modified_gmt":"2024-08-29T04:23:55","slug":"quality-control-vi","status":"publish","type":"page","link":"https:\/\/tinping.com\/vi\/quality-control-vi\/","title":{"rendered":"Qu\u1ea3n l\u00fd ch\u1ea5t l\u01b0\u1ee3ng"},"content":{"rendered":"<div id=\"cs-content\" class=\"cs-content\"><\/div>\n","protected":false},"excerpt":{"rendered":"<p>Qu\u1ea3n l\u00fd ch\u1ea5t l\u01b0\u1ee3ng v\u00e0 ch\u1ee9ng nh\u1eadnC\u00f4ng ty Tinping ch\u00fang t\u00f4i kh\u00f4ng ch\u1ec9 quan t\u00e2m \u0111\u1ebfn s\u1ea3n ph\u1ea9m, m\u00e0 c\u00f2n cam k\u1ebft x\u00e2y d\u1ef1ng m\u1ed1i quan h\u1ec7 b\u1ec1n v\u1eefng v\u00e0 \u1ed5n \u0111\u1ecbnh v\u1edbi kh\u00e1ch h\u00e0ng, &#8230; <a href=\"https:\/\/tinping.com\/vi\/quality-control-vi\/\" class=\"more-link\">Read More<\/a><\/p>\n","protected":false},"author":3,"featured_media":0,"parent":0,"menu_order":0,"comment_status":"closed","ping_status":"closed","template":"template-blank-4.php","meta":{"footnotes":""},"folder":[],"class_list":["post-3741","page","type-page","status-publish","hentry","no-post-thumbnail"],"yoast_head":"<!-- This site is optimized with the Yoast SEO plugin v25.2 - https:\/\/yoast.com\/wordpress\/plugins\/seo\/ -->\n<title>Qu\u1ea3n l\u00fd ch\u1ea5t l\u01b0\u1ee3ng - C\u00d4NG TY TNHH TH\u01af\u01a0NG M\u1ea0I TINPING VI\u1ec6T NAM<\/title>\n<meta name=\"robots\" content=\"index, follow, max-snippet:-1, max-image-preview:large, max-video-preview:-1\" \/>\n<link rel=\"canonical\" href=\"https:\/\/tinping.com\/vi\/quality-control-vi\/\" \/>\n<meta property=\"og:locale\" content=\"vi_VN\" \/>\n<meta property=\"og:type\" content=\"article\" \/>\n<meta property=\"og:title\" content=\"Qu\u1ea3n l\u00fd ch\u1ea5t l\u01b0\u1ee3ng - C\u00d4NG TY TNHH TH\u01af\u01a0NG M\u1ea0I TINPING VI\u1ec6T NAM\" \/>\n<meta property=\"og:description\" content=\"Qu\u1ea3n l\u00fd ch\u1ea5t l\u01b0\u1ee3ng v\u00e0 ch\u1ee9ng nh\u1eadnC\u00f4ng ty Tinping ch\u00fang t\u00f4i kh\u00f4ng ch\u1ec9 quan t\u00e2m \u0111\u1ebfn s\u1ea3n ph\u1ea9m, m\u00e0 c\u00f2n cam k\u1ebft x\u00e2y d\u1ef1ng m\u1ed1i quan h\u1ec7 b\u1ec1n v\u1eefng v\u00e0 \u1ed5n \u0111\u1ecbnh v\u1edbi kh\u00e1ch h\u00e0ng, ... Read More\" \/>\n<meta property=\"og:url\" content=\"https:\/\/tinping.com\/vi\/quality-control-vi\/\" \/>\n<meta property=\"og:site_name\" content=\"C\u00d4NG TY TNHH TH\u01af\u01a0NG M\u1ea0I TINPING VI\u1ec6T NAM\" \/>\n<meta property=\"article:modified_time\" content=\"2024-08-29T04:23:55+00:00\" \/>\n<meta name=\"twitter:card\" content=\"summary_large_image\" \/>\n<meta name=\"twitter:label1\" content=\"Est. reading time\" \/>\n\t<meta name=\"twitter:data1\" content=\"11 minutes\" \/>\n<script type=\"application\/ld+json\" class=\"yoast-schema-graph\">{\"@context\":\"https:\/\/schema.org\",\"@graph\":[{\"@type\":\"WebPage\",\"@id\":\"https:\/\/tinping.com\/vi\/quality-control-vi\/\",\"url\":\"https:\/\/tinping.com\/vi\/quality-control-vi\/\",\"name\":\"Qu\u1ea3n l\u00fd ch\u1ea5t l\u01b0\u1ee3ng - C\u00d4NG TY TNHH TH\u01af\u01a0NG M\u1ea0I TINPING VI\u1ec6T NAM\",\"isPartOf\":{\"@id\":\"https:\/\/tinping.com\/vi\/#website\"},\"datePublished\":\"2024-01-09T03:11:05+00:00\",\"dateModified\":\"2024-08-29T04:23:55+00:00\",\"breadcrumb\":{\"@id\":\"https:\/\/tinping.com\/vi\/quality-control-vi\/#breadcrumb\"},\"inLanguage\":\"vi-VN\",\"potentialAction\":[{\"@type\":\"ReadAction\",\"target\":[\"https:\/\/tinping.com\/vi\/quality-control-vi\/\"]}]},{\"@type\":\"BreadcrumbList\",\"@id\":\"https:\/\/tinping.com\/vi\/quality-control-vi\/#breadcrumb\",\"itemListElement\":[{\"@type\":\"ListItem\",\"position\":1,\"name\":\"Home\",\"item\":\"https:\/\/tinping.com\/vi\/\"},{\"@type\":\"ListItem\",\"position\":2,\"name\":\"Qu\u1ea3n l\u00fd ch\u1ea5t l\u01b0\u1ee3ng\"}]},{\"@type\":\"WebSite\",\"@id\":\"https:\/\/tinping.com\/vi\/#website\",\"url\":\"https:\/\/tinping.com\/vi\/\",\"name\":\"\u5929\u5e73\u4e94\u91d1\u96f6\u4ef6\u6709\u9650\u516c\u53f8 | \u5929\u5e73\u5f48\u7c27\u4e94\u91d1\u88fd\u54c1\u6709\u9650\u516c\u53f8 | Tin Ping Metal Parts Limited\",\"description\":\"Tin Ping Metal Parts Limited | \u5929\u5e73\u5f48\u7c27\u4e94\u91d1\u88fd\u54c1\u6709\u9650\u516c\u53f8\",\"alternateName\":\"Tin Ping Metal Parts\",\"potentialAction\":[{\"@type\":\"SearchAction\",\"target\":{\"@type\":\"EntryPoint\",\"urlTemplate\":\"https:\/\/tinping.com\/vi\/?s={search_term_string}\"},\"query-input\":{\"@type\":\"PropertyValueSpecification\",\"valueRequired\":true,\"valueName\":\"search_term_string\"}}],\"inLanguage\":\"vi-VN\"}]}<\/script>\n<!-- \/ Yoast SEO plugin. -->","yoast_head_json":{"title":"Qu\u1ea3n l\u00fd ch\u1ea5t l\u01b0\u1ee3ng - C\u00d4NG TY TNHH TH\u01af\u01a0NG M\u1ea0I TINPING VI\u1ec6T NAM","robots":{"index":"index","follow":"follow","max-snippet":"max-snippet:-1","max-image-preview":"max-image-preview:large","max-video-preview":"max-video-preview:-1"},"canonical":"https:\/\/tinping.com\/vi\/quality-control-vi\/","og_locale":"vi_VN","og_type":"article","og_title":"Qu\u1ea3n l\u00fd ch\u1ea5t l\u01b0\u1ee3ng - C\u00d4NG TY TNHH TH\u01af\u01a0NG M\u1ea0I TINPING VI\u1ec6T NAM","og_description":"Qu\u1ea3n l\u00fd ch\u1ea5t l\u01b0\u1ee3ng v\u00e0 ch\u1ee9ng nh\u1eadnC\u00f4ng ty Tinping ch\u00fang t\u00f4i kh\u00f4ng ch\u1ec9 quan t\u00e2m \u0111\u1ebfn s\u1ea3n ph\u1ea9m, m\u00e0 c\u00f2n cam k\u1ebft x\u00e2y d\u1ef1ng m\u1ed1i quan h\u1ec7 b\u1ec1n v\u1eefng v\u00e0 \u1ed5n \u0111\u1ecbnh v\u1edbi kh\u00e1ch h\u00e0ng, ... Read More","og_url":"https:\/\/tinping.com\/vi\/quality-control-vi\/","og_site_name":"C\u00d4NG TY TNHH TH\u01af\u01a0NG M\u1ea0I TINPING VI\u1ec6T NAM","article_modified_time":"2024-08-29T04:23:55+00:00","twitter_card":"summary_large_image","twitter_misc":{"Est. reading time":"11 minutes"},"schema":{"@context":"https:\/\/schema.org","@graph":[{"@type":"WebPage","@id":"https:\/\/tinping.com\/vi\/quality-control-vi\/","url":"https:\/\/tinping.com\/vi\/quality-control-vi\/","name":"Qu\u1ea3n l\u00fd ch\u1ea5t l\u01b0\u1ee3ng - C\u00d4NG TY TNHH TH\u01af\u01a0NG M\u1ea0I TINPING VI\u1ec6T NAM","isPartOf":{"@id":"https:\/\/tinping.com\/vi\/#website"},"datePublished":"2024-01-09T03:11:05+00:00","dateModified":"2024-08-29T04:23:55+00:00","breadcrumb":{"@id":"https:\/\/tinping.com\/vi\/quality-control-vi\/#breadcrumb"},"inLanguage":"vi-VN","potentialAction":[{"@type":"ReadAction","target":["https:\/\/tinping.com\/vi\/quality-control-vi\/"]}]},{"@type":"BreadcrumbList","@id":"https:\/\/tinping.com\/vi\/quality-control-vi\/#breadcrumb","itemListElement":[{"@type":"ListItem","position":1,"name":"Home","item":"https:\/\/tinping.com\/vi\/"},{"@type":"ListItem","position":2,"name":"Qu\u1ea3n l\u00fd ch\u1ea5t l\u01b0\u1ee3ng"}]},{"@type":"WebSite","@id":"https:\/\/tinping.com\/vi\/#website","url":"https:\/\/tinping.com\/vi\/","name":"\u5929\u5e73\u4e94\u91d1\u96f6\u4ef6\u6709\u9650\u516c\u53f8 | \u5929\u5e73\u5f48\u7c27\u4e94\u91d1\u88fd\u54c1\u6709\u9650\u516c\u53f8 | Tin Ping Metal Parts Limited","description":"Tin Ping Metal Parts Limited | \u5929\u5e73\u5f48\u7c27\u4e94\u91d1\u88fd\u54c1\u6709\u9650\u516c\u53f8","alternateName":"Tin Ping Metal Parts","potentialAction":[{"@type":"SearchAction","target":{"@type":"EntryPoint","urlTemplate":"https:\/\/tinping.com\/vi\/?s={search_term_string}"},"query-input":{"@type":"PropertyValueSpecification","valueRequired":true,"valueName":"search_term_string"}}],"inLanguage":"vi-VN"}]}},"_links":{"self":[{"href":"https:\/\/tinping.com\/vi\/wp-json\/wp\/v2\/pages\/3741"}],"collection":[{"href":"https:\/\/tinping.com\/vi\/wp-json\/wp\/v2\/pages"}],"about":[{"href":"https:\/\/tinping.com\/vi\/wp-json\/wp\/v2\/types\/page"}],"author":[{"embeddable":true,"href":"https:\/\/tinping.com\/vi\/wp-json\/wp\/v2\/users\/3"}],"replies":[{"embeddable":true,"href":"https:\/\/tinping.com\/vi\/wp-json\/wp\/v2\/comments?post=3741"}],"version-history":[{"count":12,"href":"https:\/\/tinping.com\/vi\/wp-json\/wp\/v2\/pages\/3741\/revisions"}],"predecessor-version":[{"id":3961,"href":"https:\/\/tinping.com\/vi\/wp-json\/wp\/v2\/pages\/3741\/revisions\/3961"}],"wp:attachment":[{"href":"https:\/\/tinping.com\/vi\/wp-json\/wp\/v2\/media?parent=3741"}],"wp:term":[{"taxonomy":"folder","embeddable":true,"href":"https:\/\/tinping.com\/vi\/wp-json\/wp\/v2\/folder?post=3741"}],"curies":[{"name":"wp","href":"https:\/\/api.w.org\/{rel}","templated":true}]}}