{"id":3769,"date":"2024-01-09T19:14:03","date_gmt":"2024-01-09T19:14:03","guid":{"rendered":"https:\/\/tinping.com\/contact-tieng-viet\/"},"modified":"2025-05-30T02:34:52","modified_gmt":"2025-05-30T02:34:52","slug":"contact-vi","status":"publish","type":"page","link":"https:\/\/tinping.com\/vi\/contact-vi\/","title":{"rendered":"Li\u00ean h\u1ec7 ch\u00fang t\u00f4i"},"content":{"rendered":"<div id=\"cs-content\" class=\"cs-content\"><\/div>\n","protected":false},"excerpt":{"rendered":"<p>Li\u00ean h\u1ec7 ch\u00fang t\u00f4iC\u1ea7n t\u00ecm ki\u1ebfm ? C\u1ea7n b\u00e1o gi\u00e1? Ch\u00fang t\u00f4i s\u1eb5n l\u00f2ng gi\u00fap \u0111\u1ee1 b\u1ea5t c\u1ee9 l\u00fac n\u00e0o! H\u1ecd t\u00ean (B\u1eaft bu\u1ed9c) C\u01a1 c\u1ea5u Email ( b\u1eaft bu\u1ed9c ) S\u1ed1 \u0111i\u1ec7n tho\u1ea1i Lo\u1ea1i &#8230; <a href=\"https:\/\/tinping.com\/vi\/contact-vi\/\" class=\"more-link\">Read More<\/a><\/p>\n","protected":false},"author":3,"featured_media":0,"parent":0,"menu_order":0,"comment_status":"closed","ping_status":"open","template":"template-blank-4.php","meta":{"footnotes":""},"folder":[],"class_list":["post-3769","page","type-page","status-publish","hentry","no-post-thumbnail"],"yoast_head":"<!-- This site is optimized with the Yoast SEO plugin v25.2 - https:\/\/yoast.com\/wordpress\/plugins\/seo\/ -->\n<title>Li\u00ean h\u1ec7 ch\u00fang t\u00f4i - C\u00d4NG TY TNHH TH\u01af\u01a0NG M\u1ea0I TINPING VI\u1ec6T NAM<\/title>\n<meta name=\"robots\" content=\"index, follow, max-snippet:-1, max-image-preview:large, max-video-preview:-1\" \/>\n<link rel=\"canonical\" href=\"https:\/\/tinping.com\/vi\/contact-vi\/\" \/>\n<meta property=\"og:locale\" content=\"vi_VN\" \/>\n<meta property=\"og:type\" content=\"article\" \/>\n<meta property=\"og:title\" content=\"Li\u00ean h\u1ec7 ch\u00fang t\u00f4i - C\u00d4NG TY TNHH TH\u01af\u01a0NG M\u1ea0I TINPING VI\u1ec6T NAM\" \/>\n<meta property=\"og:description\" content=\"Li\u00ean h\u1ec7 ch\u00fang t\u00f4iC\u1ea7n t\u00ecm ki\u1ebfm ? C\u1ea7n b\u00e1o gi\u00e1? Ch\u00fang t\u00f4i s\u1eb5n l\u00f2ng gi\u00fap \u0111\u1ee1 b\u1ea5t c\u1ee9 l\u00fac n\u00e0o! H\u1ecd t\u00ean (B\u1eaft bu\u1ed9c) C\u01a1 c\u1ea5u Email ( b\u1eaft bu\u1ed9c ) S\u1ed1 \u0111i\u1ec7n tho\u1ea1i Lo\u1ea1i ... Read More\" \/>\n<meta property=\"og:url\" content=\"https:\/\/tinping.com\/vi\/contact-vi\/\" \/>\n<meta property=\"og:site_name\" content=\"C\u00d4NG TY TNHH TH\u01af\u01a0NG M\u1ea0I TINPING VI\u1ec6T NAM\" \/>\n<meta property=\"article:modified_time\" content=\"2025-05-30T02:34:52+00:00\" \/>\n<meta name=\"twitter:card\" content=\"summary_large_image\" \/>\n<meta name=\"twitter:label1\" content=\"Est. reading time\" \/>\n\t<meta name=\"twitter:data1\" content=\"1 minute\" \/>\n<script type=\"application\/ld+json\" class=\"yoast-schema-graph\">{\"@context\":\"https:\/\/schema.org\",\"@graph\":[{\"@type\":\"WebPage\",\"@id\":\"https:\/\/tinping.com\/vi\/contact-vi\/\",\"url\":\"https:\/\/tinping.com\/vi\/contact-vi\/\",\"name\":\"Li\u00ean h\u1ec7 ch\u00fang t\u00f4i - C\u00d4NG TY TNHH TH\u01af\u01a0NG M\u1ea0I TINPING VI\u1ec6T NAM\",\"isPartOf\":{\"@id\":\"https:\/\/tinping.com\/vi\/#website\"},\"datePublished\":\"2024-01-09T19:14:03+00:00\",\"dateModified\":\"2025-05-30T02:34:52+00:00\",\"breadcrumb\":{\"@id\":\"https:\/\/tinping.com\/vi\/contact-vi\/#breadcrumb\"},\"inLanguage\":\"vi-VN\",\"potentialAction\":[{\"@type\":\"ReadAction\",\"target\":[\"https:\/\/tinping.com\/vi\/contact-vi\/\"]}]},{\"@type\":\"BreadcrumbList\",\"@id\":\"https:\/\/tinping.com\/vi\/contact-vi\/#breadcrumb\",\"itemListElement\":[{\"@type\":\"ListItem\",\"position\":1,\"name\":\"Home\",\"item\":\"https:\/\/tinping.com\/vi\/\"},{\"@type\":\"ListItem\",\"position\":2,\"name\":\"Li\u00ean h\u1ec7 ch\u00fang t\u00f4i\"}]},{\"@type\":\"WebSite\",\"@id\":\"https:\/\/tinping.com\/vi\/#website\",\"url\":\"https:\/\/tinping.com\/vi\/\",\"name\":\"\u5929\u5e73\u4e94\u91d1\u96f6\u4ef6\u6709\u9650\u516c\u53f8 | \u5929\u5e73\u5f48\u7c27\u4e94\u91d1\u88fd\u54c1\u6709\u9650\u516c\u53f8 | Tin Ping Metal Parts Limited\",\"description\":\"Tin Ping Metal Parts Limited | \u5929\u5e73\u5f48\u7c27\u4e94\u91d1\u88fd\u54c1\u6709\u9650\u516c\u53f8\",\"alternateName\":\"Tin Ping Metal Parts\",\"potentialAction\":[{\"@type\":\"SearchAction\",\"target\":{\"@type\":\"EntryPoint\",\"urlTemplate\":\"https:\/\/tinping.com\/vi\/?s={search_term_string}\"},\"query-input\":{\"@type\":\"PropertyValueSpecification\",\"valueRequired\":true,\"valueName\":\"search_term_string\"}}],\"inLanguage\":\"vi-VN\"}]}<\/script>\n<!-- \/ Yoast SEO plugin. -->","yoast_head_json":{"title":"Li\u00ean h\u1ec7 ch\u00fang t\u00f4i - C\u00d4NG TY TNHH TH\u01af\u01a0NG M\u1ea0I TINPING VI\u1ec6T NAM","robots":{"index":"index","follow":"follow","max-snippet":"max-snippet:-1","max-image-preview":"max-image-preview:large","max-video-preview":"max-video-preview:-1"},"canonical":"https:\/\/tinping.com\/vi\/contact-vi\/","og_locale":"vi_VN","og_type":"article","og_title":"Li\u00ean h\u1ec7 ch\u00fang t\u00f4i - C\u00d4NG TY TNHH TH\u01af\u01a0NG M\u1ea0I TINPING VI\u1ec6T NAM","og_description":"Li\u00ean h\u1ec7 ch\u00fang t\u00f4iC\u1ea7n t\u00ecm ki\u1ebfm ? C\u1ea7n b\u00e1o gi\u00e1? Ch\u00fang t\u00f4i s\u1eb5n l\u00f2ng gi\u00fap \u0111\u1ee1 b\u1ea5t c\u1ee9 l\u00fac n\u00e0o! H\u1ecd t\u00ean (B\u1eaft bu\u1ed9c) C\u01a1 c\u1ea5u Email ( b\u1eaft bu\u1ed9c ) S\u1ed1 \u0111i\u1ec7n tho\u1ea1i Lo\u1ea1i ... Read More","og_url":"https:\/\/tinping.com\/vi\/contact-vi\/","og_site_name":"C\u00d4NG TY TNHH TH\u01af\u01a0NG M\u1ea0I TINPING VI\u1ec6T NAM","article_modified_time":"2025-05-30T02:34:52+00:00","twitter_card":"summary_large_image","twitter_misc":{"Est. reading time":"1 minute"},"schema":{"@context":"https:\/\/schema.org","@graph":[{"@type":"WebPage","@id":"https:\/\/tinping.com\/vi\/contact-vi\/","url":"https:\/\/tinping.com\/vi\/contact-vi\/","name":"Li\u00ean h\u1ec7 ch\u00fang t\u00f4i - C\u00d4NG TY TNHH TH\u01af\u01a0NG M\u1ea0I TINPING VI\u1ec6T NAM","isPartOf":{"@id":"https:\/\/tinping.com\/vi\/#website"},"datePublished":"2024-01-09T19:14:03+00:00","dateModified":"2025-05-30T02:34:52+00:00","breadcrumb":{"@id":"https:\/\/tinping.com\/vi\/contact-vi\/#breadcrumb"},"inLanguage":"vi-VN","potentialAction":[{"@type":"ReadAction","target":["https:\/\/tinping.com\/vi\/contact-vi\/"]}]},{"@type":"BreadcrumbList","@id":"https:\/\/tinping.com\/vi\/contact-vi\/#breadcrumb","itemListElement":[{"@type":"ListItem","position":1,"name":"Home","item":"https:\/\/tinping.com\/vi\/"},{"@type":"ListItem","position":2,"name":"Li\u00ean h\u1ec7 ch\u00fang t\u00f4i"}]},{"@type":"WebSite","@id":"https:\/\/tinping.com\/vi\/#website","url":"https:\/\/tinping.com\/vi\/","name":"\u5929\u5e73\u4e94\u91d1\u96f6\u4ef6\u6709\u9650\u516c\u53f8 | \u5929\u5e73\u5f48\u7c27\u4e94\u91d1\u88fd\u54c1\u6709\u9650\u516c\u53f8 | Tin Ping Metal Parts Limited","description":"Tin Ping Metal Parts Limited | \u5929\u5e73\u5f48\u7c27\u4e94\u91d1\u88fd\u54c1\u6709\u9650\u516c\u53f8","alternateName":"Tin Ping Metal Parts","potentialAction":[{"@type":"SearchAction","target":{"@type":"EntryPoint","urlTemplate":"https:\/\/tinping.com\/vi\/?s={search_term_string}"},"query-input":{"@type":"PropertyValueSpecification","valueRequired":true,"valueName":"search_term_string"}}],"inLanguage":"vi-VN"}]}},"_links":{"self":[{"href":"https:\/\/tinping.com\/vi\/wp-json\/wp\/v2\/pages\/3769"}],"collection":[{"href":"https:\/\/tinping.com\/vi\/wp-json\/wp\/v2\/pages"}],"about":[{"href":"https:\/\/tinping.com\/vi\/wp-json\/wp\/v2\/types\/page"}],"author":[{"embeddable":true,"href":"https:\/\/tinping.com\/vi\/wp-json\/wp\/v2\/users\/3"}],"replies":[{"embeddable":true,"href":"https:\/\/tinping.com\/vi\/wp-json\/wp\/v2\/comments?post=3769"}],"version-history":[{"count":15,"href":"https:\/\/tinping.com\/vi\/wp-json\/wp\/v2\/pages\/3769\/revisions"}],"predecessor-version":[{"id":4019,"href":"https:\/\/tinping.com\/vi\/wp-json\/wp\/v2\/pages\/3769\/revisions\/4019"}],"wp:attachment":[{"href":"https:\/\/tinping.com\/vi\/wp-json\/wp\/v2\/media?parent=3769"}],"wp:term":[{"taxonomy":"folder","embeddable":true,"href":"https:\/\/tinping.com\/vi\/wp-json\/wp\/v2\/folder?post=3769"}],"curies":[{"name":"wp","href":"https:\/\/api.w.org\/{rel}","templated":true}]}}